{"id":335,"date":"2017-08-23T14:35:48","date_gmt":"2017-08-23T18:35:48","guid":{"rendered":"https:\/\/www.marccossette.com\/projects\/industriel\/"},"modified":"2017-10-30T18:08:58","modified_gmt":"2017-10-30T22:08:58","slug":"industriel","status":"publish","type":"page","link":"https:\/\/www.marccossette.com\/en\/projects\/industriel\/","title":{"rendered":"Industrial projects"},"content":{"rendered":"<p>Les services qu\u2019offre Marc Cossette inc. dans le secteur industriel l\u2019am\u00e8nent \u00e0 collaborer \u00e0 des chantiers d\u2019envergure. L\u2019entreprise effectue notamment l\u2019installation, la r\u00e9paration et le raccordement de machineries et r\u00e9alise des travaux de basse, moyenne et haute tensions.<\/p>\r\n<p>Parmi ses nombreuses r\u00e9alisations, mentionnons qu\u2019elle a effectu\u00e9 des mandats pour Alcan (Secal), Hydro-Qu\u00e9bec, Limtech, Baskatong Quartz, la Fonderie Grand-M\u00e8re, Smurfit-Stone, Kruger, Division Wayagamack et la\u00a0Centrale nucl\u00e9aire Gentilly\u00a02, ainsi que pour Cenovus (Foster Creek) et Nabiye (Cold Lake) en Alberta<\/p>","protected":false},"excerpt":{"rendered":"<p>Les services qu\u2019offre Marc Cossette inc. dans le secteur industriel l\u2019am\u00e8nent \u00e0 collaborer \u00e0 des chantiers d\u2019envergure. L\u2019entreprise effectue notamment l\u2019installation, la r\u00e9paration et le raccordement de machineries et r\u00e9alise des travaux de basse, moyenne et haute tensions. Parmi ses nombreuses r\u00e9alisations, mentionnons qu\u2019elle a effectu\u00e9 des mandats pour Alcan (Secal), Hydro-Qu\u00e9bec, Limtech, Baskatong Quartz, [&hellip;]<\/p>\n","protected":false},"author":1,"featured_media":0,"parent":39,"menu_order":0,"comment_status":"closed","ping_status":"closed","template":"template-realisation.php","meta":{"_acf_changed":false,"footnotes":""},"class_list":["post-335","page","type-page","status-publish","hentry"],"acf":[],"yoast_head":"<!-- This site is optimized with the Yoast SEO plugin v27.6 - https:\/\/yoast.com\/product\/yoast-seo-wordpress\/ -->\n<title>Industrial projects - Marc Cossette, Electrical Contractor<\/title>\n<meta name=\"description\" content=\"We carry out all types of electrical work. We install, repair, and connect machines and complete jobs at low, medium and high voltages. - Ask for a quote!\" \/>\n<meta name=\"robots\" content=\"index, follow, max-snippet:-1, max-image-preview:large, max-video-preview:-1\" \/>\n<link rel=\"canonical\" href=\"https:\/\/www.marccossette.com\/en\/projects\/industriel\/\" \/>\n<meta property=\"og:locale\" content=\"en_US\" \/>\n<meta property=\"og:type\" content=\"article\" \/>\n<meta property=\"og:title\" content=\"Industrial projects - Marc Cossette, Electrical Contractor\" \/>\n<meta property=\"og:description\" content=\"We carry out all types of electrical work. We install, repair, and connect machines and complete jobs at low, medium and high voltages. - Ask for a quote!\" \/>\n<meta property=\"og:url\" content=\"https:\/\/www.marccossette.com\/en\/projects\/industriel\/\" \/>\n<meta property=\"og:site_name\" content=\"Marc Cossette\" \/>\n<meta property=\"article:modified_time\" content=\"2017-10-30T22:08:58+00:00\" \/>\n<meta name=\"twitter:card\" content=\"summary_large_image\" \/>\n<script type=\"application\/ld+json\" class=\"yoast-schema-graph\">{\"@context\":\"https:\\\/\\\/schema.org\",\"@graph\":[{\"@type\":\"WebPage\",\"@id\":\"https:\\\/\\\/www.marccossette.com\\\/en\\\/projects\\\/industriel\\\/\",\"url\":\"https:\\\/\\\/www.marccossette.com\\\/en\\\/projects\\\/industriel\\\/\",\"name\":\"Industrial projects - Marc Cossette, Electrical Contractor\",\"isPartOf\":{\"@id\":\"https:\\\/\\\/www.marccossette.com\\\/en\\\/#website\"},\"datePublished\":\"2017-08-23T18:35:48+00:00\",\"dateModified\":\"2017-10-30T22:08:58+00:00\",\"description\":\"We carry out all types of electrical work. We install, repair, and connect machines and complete jobs at low, medium and high voltages. - Ask for a quote!\",\"breadcrumb\":{\"@id\":\"https:\\\/\\\/www.marccossette.com\\\/en\\\/projects\\\/industriel\\\/#breadcrumb\"},\"inLanguage\":\"en-US\",\"potentialAction\":[{\"@type\":\"ReadAction\",\"target\":[\"https:\\\/\\\/www.marccossette.com\\\/en\\\/projects\\\/industriel\\\/\"]}]},{\"@type\":\"BreadcrumbList\",\"@id\":\"https:\\\/\\\/www.marccossette.com\\\/en\\\/projects\\\/industriel\\\/#breadcrumb\",\"itemListElement\":[{\"@type\":\"ListItem\",\"position\":1,\"name\":\"Accueil\",\"item\":\"https:\\\/\\\/www.marccossette.com\\\/en\\\/\"},{\"@type\":\"ListItem\",\"position\":2,\"name\":\"Projects\",\"item\":\"https:\\\/\\\/www.marccossette.com\\\/en\\\/projects\\\/\"},{\"@type\":\"ListItem\",\"position\":3,\"name\":\"Industrial projects\"}]},{\"@type\":\"WebSite\",\"@id\":\"https:\\\/\\\/www.marccossette.com\\\/en\\\/#website\",\"url\":\"https:\\\/\\\/www.marccossette.com\\\/en\\\/\",\"name\":\"Marc Cossette\",\"description\":\"Entrepreneur \u00e9lectricien depuis 1957\",\"potentialAction\":[{\"@type\":\"SearchAction\",\"target\":{\"@type\":\"EntryPoint\",\"urlTemplate\":\"https:\\\/\\\/www.marccossette.com\\\/en\\\/?s={search_term_string}\"},\"query-input\":{\"@type\":\"PropertyValueSpecification\",\"valueRequired\":true,\"valueName\":\"search_term_string\"}}],\"inLanguage\":\"en-US\"}]}<\/script>\n<!-- \/ Yoast SEO plugin. -->","yoast_head_json":{"title":"Industrial projects - Marc Cossette, Electrical Contractor","description":"We carry out all types of electrical work. We install, repair, and connect machines and complete jobs at low, medium and high voltages. - Ask for a quote!","robots":{"index":"index","follow":"follow","max-snippet":"max-snippet:-1","max-image-preview":"max-image-preview:large","max-video-preview":"max-video-preview:-1"},"canonical":"https:\/\/www.marccossette.com\/en\/projects\/industriel\/","og_locale":"en_US","og_type":"article","og_title":"Industrial projects - Marc Cossette, Electrical Contractor","og_description":"We carry out all types of electrical work. We install, repair, and connect machines and complete jobs at low, medium and high voltages. - Ask for a quote!","og_url":"https:\/\/www.marccossette.com\/en\/projects\/industriel\/","og_site_name":"Marc Cossette","article_modified_time":"2017-10-30T22:08:58+00:00","twitter_card":"summary_large_image","schema":{"@context":"https:\/\/schema.org","@graph":[{"@type":"WebPage","@id":"https:\/\/www.marccossette.com\/en\/projects\/industriel\/","url":"https:\/\/www.marccossette.com\/en\/projects\/industriel\/","name":"Industrial projects - Marc Cossette, Electrical Contractor","isPartOf":{"@id":"https:\/\/www.marccossette.com\/en\/#website"},"datePublished":"2017-08-23T18:35:48+00:00","dateModified":"2017-10-30T22:08:58+00:00","description":"We carry out all types of electrical work. We install, repair, and connect machines and complete jobs at low, medium and high voltages. - Ask for a quote!","breadcrumb":{"@id":"https:\/\/www.marccossette.com\/en\/projects\/industriel\/#breadcrumb"},"inLanguage":"en-US","potentialAction":[{"@type":"ReadAction","target":["https:\/\/www.marccossette.com\/en\/projects\/industriel\/"]}]},{"@type":"BreadcrumbList","@id":"https:\/\/www.marccossette.com\/en\/projects\/industriel\/#breadcrumb","itemListElement":[{"@type":"ListItem","position":1,"name":"Accueil","item":"https:\/\/www.marccossette.com\/en\/"},{"@type":"ListItem","position":2,"name":"Projects","item":"https:\/\/www.marccossette.com\/en\/projects\/"},{"@type":"ListItem","position":3,"name":"Industrial projects"}]},{"@type":"WebSite","@id":"https:\/\/www.marccossette.com\/en\/#website","url":"https:\/\/www.marccossette.com\/en\/","name":"Marc Cossette","description":"Entrepreneur \u00e9lectricien depuis 1957","potentialAction":[{"@type":"SearchAction","target":{"@type":"EntryPoint","urlTemplate":"https:\/\/www.marccossette.com\/en\/?s={search_term_string}"},"query-input":{"@type":"PropertyValueSpecification","valueRequired":true,"valueName":"search_term_string"}}],"inLanguage":"en-US"}]}},"_links":{"self":[{"href":"https:\/\/www.marccossette.com\/en\/wp-json\/wp\/v2\/pages\/335","targetHints":{"allow":["GET"]}}],"collection":[{"href":"https:\/\/www.marccossette.com\/en\/wp-json\/wp\/v2\/pages"}],"about":[{"href":"https:\/\/www.marccossette.com\/en\/wp-json\/wp\/v2\/types\/page"}],"author":[{"embeddable":true,"href":"https:\/\/www.marccossette.com\/en\/wp-json\/wp\/v2\/users\/1"}],"replies":[{"embeddable":true,"href":"https:\/\/www.marccossette.com\/en\/wp-json\/wp\/v2\/comments?post=335"}],"version-history":[{"count":3,"href":"https:\/\/www.marccossette.com\/en\/wp-json\/wp\/v2\/pages\/335\/revisions"}],"predecessor-version":[{"id":486,"href":"https:\/\/www.marccossette.com\/en\/wp-json\/wp\/v2\/pages\/335\/revisions\/486"}],"up":[{"embeddable":true,"href":"https:\/\/www.marccossette.com\/en\/wp-json\/wp\/v2\/pages\/39"}],"wp:attachment":[{"href":"https:\/\/www.marccossette.com\/en\/wp-json\/wp\/v2\/media?parent=335"}],"curies":[{"name":"wp","href":"https:\/\/api.w.org\/{rel}","templated":true}]}}