{"id":336,"date":"2017-08-23T14:34:58","date_gmt":"2017-08-23T18:34:58","guid":{"rendered":"https:\/\/www.marccossette.com\/projects\/residentiel\/"},"modified":"2017-10-30T18:08:12","modified_gmt":"2017-10-30T22:08:12","slug":"residential","status":"publish","type":"page","link":"https:\/\/www.marccossette.com\/en\/projects\/residential\/","title":{"rendered":"Residential projects"},"content":{"rendered":"<p>Depuis plus de 60 ans, les particuliers nous confient leurs travaux \u00e9lectriques, du plus petit projet au plus ambitieux.<\/p>\r\n<p>Qu\u2019il s\u2019agisse de raccorder une piscine ou un spa ou de proc\u00e9der \u00e0 l\u2019installation du syst\u00e8me \u00e9lectrique d\u2019une nouvelle r\u00e9sidence, vous pouvez faire appel \u00e0 notre \u00e9quipe qualifi\u00e9e.<\/p>\r\n<p>Nous effectuons tous types de travaux \u00e9lectriques, notamment\u00a0:<\/p>\r\n<ul>\r\n\t<li>Chauffage : installation, r\u00e9paration, remplacement<\/li>\r\n\t<li>\u00c9clairage int\u00e9rieur et ext\u00e9rieur\r\n\r\n<ul>\r\n\t<li>Design<\/li>\r\n\t<li>Ajout de nouveaux syst\u00e8mes : muraux, d\u00e9coratifs, encastr\u00e9s, sur rails, projecteurs, fluorescents, enseignes, lampadaires<\/li>\r\n\t<li>\u00c9clairage D.E.L.<\/li>\r\n<\/ul>\r\n<\/li>\r\n\t<li>Raccordements divers : piscine, spa, hotte de cuisine, etc.<\/li>\r\n\t<li>\u00c9nergie verte : vente et pose de bornes de recharge et de panneaux solaires<\/li>\r\n<\/ul>","protected":false},"excerpt":{"rendered":"<p>Depuis plus de 60 ans, les particuliers nous confient leurs travaux \u00e9lectriques, du plus petit projet au plus ambitieux. Qu\u2019il s\u2019agisse de raccorder une piscine ou un spa ou de proc\u00e9der \u00e0 l\u2019installation du syst\u00e8me \u00e9lectrique d\u2019une nouvelle r\u00e9sidence, vous pouvez faire appel \u00e0 notre \u00e9quipe qualifi\u00e9e. Nous effectuons tous types de travaux \u00e9lectriques, notamment\u00a0: [&hellip;]<\/p>\n","protected":false},"author":1,"featured_media":0,"parent":39,"menu_order":0,"comment_status":"closed","ping_status":"closed","template":"template-realisation.php","meta":{"_acf_changed":false,"footnotes":""},"class_list":["post-336","page","type-page","status-publish","hentry"],"acf":[],"yoast_head":"<!-- This site is optimized with the Yoast SEO plugin v27.6 - https:\/\/yoast.com\/product\/yoast-seo-wordpress\/ -->\n<title>Residential projects - Marc Cossette, Electrical Contractor<\/title>\n<meta name=\"description\" content=\"We carry out all types of electrical work, from the smallest project to very ambitious tasks. Heating, Lighting, Connections... - Ask for a quote!\" \/>\n<meta name=\"robots\" content=\"index, follow, max-snippet:-1, max-image-preview:large, max-video-preview:-1\" \/>\n<link rel=\"canonical\" href=\"https:\/\/www.marccossette.com\/en\/projects\/residential\/\" \/>\n<meta property=\"og:locale\" content=\"en_US\" \/>\n<meta property=\"og:type\" content=\"article\" \/>\n<meta property=\"og:title\" content=\"Residential projects - Marc Cossette, Electrical Contractor\" \/>\n<meta property=\"og:description\" content=\"We carry out all types of electrical work, from the smallest project to very ambitious tasks. Heating, Lighting, Connections... - Ask for a quote!\" \/>\n<meta property=\"og:url\" content=\"https:\/\/www.marccossette.com\/en\/projects\/residential\/\" \/>\n<meta property=\"og:site_name\" content=\"Marc Cossette\" \/>\n<meta property=\"article:modified_time\" content=\"2017-10-30T22:08:12+00:00\" \/>\n<meta name=\"twitter:card\" content=\"summary_large_image\" \/>\n<meta name=\"twitter:label1\" content=\"Est. reading time\" \/>\n\t<meta name=\"twitter:data1\" content=\"1 minute\" \/>\n<script type=\"application\/ld+json\" class=\"yoast-schema-graph\">{\"@context\":\"https:\\\/\\\/schema.org\",\"@graph\":[{\"@type\":\"WebPage\",\"@id\":\"https:\\\/\\\/www.marccossette.com\\\/en\\\/projects\\\/residential\\\/\",\"url\":\"https:\\\/\\\/www.marccossette.com\\\/en\\\/projects\\\/residential\\\/\",\"name\":\"Residential projects - Marc Cossette, Electrical Contractor\",\"isPartOf\":{\"@id\":\"https:\\\/\\\/www.marccossette.com\\\/en\\\/#website\"},\"datePublished\":\"2017-08-23T18:34:58+00:00\",\"dateModified\":\"2017-10-30T22:08:12+00:00\",\"description\":\"We carry out all types of electrical work, from the smallest project to very ambitious tasks. Heating, Lighting, Connections... - Ask for a quote!\",\"breadcrumb\":{\"@id\":\"https:\\\/\\\/www.marccossette.com\\\/en\\\/projects\\\/residential\\\/#breadcrumb\"},\"inLanguage\":\"en-US\",\"potentialAction\":[{\"@type\":\"ReadAction\",\"target\":[\"https:\\\/\\\/www.marccossette.com\\\/en\\\/projects\\\/residential\\\/\"]}]},{\"@type\":\"BreadcrumbList\",\"@id\":\"https:\\\/\\\/www.marccossette.com\\\/en\\\/projects\\\/residential\\\/#breadcrumb\",\"itemListElement\":[{\"@type\":\"ListItem\",\"position\":1,\"name\":\"Accueil\",\"item\":\"https:\\\/\\\/www.marccossette.com\\\/en\\\/\"},{\"@type\":\"ListItem\",\"position\":2,\"name\":\"Projects\",\"item\":\"https:\\\/\\\/www.marccossette.com\\\/en\\\/projects\\\/\"},{\"@type\":\"ListItem\",\"position\":3,\"name\":\"Residential projects\"}]},{\"@type\":\"WebSite\",\"@id\":\"https:\\\/\\\/www.marccossette.com\\\/en\\\/#website\",\"url\":\"https:\\\/\\\/www.marccossette.com\\\/en\\\/\",\"name\":\"Marc Cossette\",\"description\":\"Entrepreneur \u00e9lectricien depuis 1957\",\"potentialAction\":[{\"@type\":\"SearchAction\",\"target\":{\"@type\":\"EntryPoint\",\"urlTemplate\":\"https:\\\/\\\/www.marccossette.com\\\/en\\\/?s={search_term_string}\"},\"query-input\":{\"@type\":\"PropertyValueSpecification\",\"valueRequired\":true,\"valueName\":\"search_term_string\"}}],\"inLanguage\":\"en-US\"}]}<\/script>\n<!-- \/ Yoast SEO plugin. -->","yoast_head_json":{"title":"Residential projects - Marc Cossette, Electrical Contractor","description":"We carry out all types of electrical work, from the smallest project to very ambitious tasks. Heating, Lighting, Connections... - Ask for a quote!","robots":{"index":"index","follow":"follow","max-snippet":"max-snippet:-1","max-image-preview":"max-image-preview:large","max-video-preview":"max-video-preview:-1"},"canonical":"https:\/\/www.marccossette.com\/en\/projects\/residential\/","og_locale":"en_US","og_type":"article","og_title":"Residential projects - Marc Cossette, Electrical Contractor","og_description":"We carry out all types of electrical work, from the smallest project to very ambitious tasks. Heating, Lighting, Connections... - Ask for a quote!","og_url":"https:\/\/www.marccossette.com\/en\/projects\/residential\/","og_site_name":"Marc Cossette","article_modified_time":"2017-10-30T22:08:12+00:00","twitter_card":"summary_large_image","twitter_misc":{"Est. reading time":"1 minute"},"schema":{"@context":"https:\/\/schema.org","@graph":[{"@type":"WebPage","@id":"https:\/\/www.marccossette.com\/en\/projects\/residential\/","url":"https:\/\/www.marccossette.com\/en\/projects\/residential\/","name":"Residential projects - Marc Cossette, Electrical Contractor","isPartOf":{"@id":"https:\/\/www.marccossette.com\/en\/#website"},"datePublished":"2017-08-23T18:34:58+00:00","dateModified":"2017-10-30T22:08:12+00:00","description":"We carry out all types of electrical work, from the smallest project to very ambitious tasks. Heating, Lighting, Connections... - Ask for a quote!","breadcrumb":{"@id":"https:\/\/www.marccossette.com\/en\/projects\/residential\/#breadcrumb"},"inLanguage":"en-US","potentialAction":[{"@type":"ReadAction","target":["https:\/\/www.marccossette.com\/en\/projects\/residential\/"]}]},{"@type":"BreadcrumbList","@id":"https:\/\/www.marccossette.com\/en\/projects\/residential\/#breadcrumb","itemListElement":[{"@type":"ListItem","position":1,"name":"Accueil","item":"https:\/\/www.marccossette.com\/en\/"},{"@type":"ListItem","position":2,"name":"Projects","item":"https:\/\/www.marccossette.com\/en\/projects\/"},{"@type":"ListItem","position":3,"name":"Residential projects"}]},{"@type":"WebSite","@id":"https:\/\/www.marccossette.com\/en\/#website","url":"https:\/\/www.marccossette.com\/en\/","name":"Marc Cossette","description":"Entrepreneur \u00e9lectricien depuis 1957","potentialAction":[{"@type":"SearchAction","target":{"@type":"EntryPoint","urlTemplate":"https:\/\/www.marccossette.com\/en\/?s={search_term_string}"},"query-input":{"@type":"PropertyValueSpecification","valueRequired":true,"valueName":"search_term_string"}}],"inLanguage":"en-US"}]}},"_links":{"self":[{"href":"https:\/\/www.marccossette.com\/en\/wp-json\/wp\/v2\/pages\/336","targetHints":{"allow":["GET"]}}],"collection":[{"href":"https:\/\/www.marccossette.com\/en\/wp-json\/wp\/v2\/pages"}],"about":[{"href":"https:\/\/www.marccossette.com\/en\/wp-json\/wp\/v2\/types\/page"}],"author":[{"embeddable":true,"href":"https:\/\/www.marccossette.com\/en\/wp-json\/wp\/v2\/users\/1"}],"replies":[{"embeddable":true,"href":"https:\/\/www.marccossette.com\/en\/wp-json\/wp\/v2\/comments?post=336"}],"version-history":[{"count":5,"href":"https:\/\/www.marccossette.com\/en\/wp-json\/wp\/v2\/pages\/336\/revisions"}],"predecessor-version":[{"id":517,"href":"https:\/\/www.marccossette.com\/en\/wp-json\/wp\/v2\/pages\/336\/revisions\/517"}],"up":[{"embeddable":true,"href":"https:\/\/www.marccossette.com\/en\/wp-json\/wp\/v2\/pages\/39"}],"wp:attachment":[{"href":"https:\/\/www.marccossette.com\/en\/wp-json\/wp\/v2\/media?parent=336"}],"curies":[{"name":"wp","href":"https:\/\/api.w.org\/{rel}","templated":true}]}}